{"id":22,"date":"2020-01-24T08:55:21","date_gmt":"2020-01-24T08:55:21","guid":{"rendered":"http:\/\/34.207.175.233\/?page_id=22"},"modified":"2021-05-17T15:53:54","modified_gmt":"2021-05-17T18:53:54","slug":"propostas","status":"publish","type":"page","link":"https:\/\/orientaprofissional.com.br\/?page_id=22","title":{"rendered":"Propostas"},"content":{"rendered":"\r\n<p>A escolha profissional \u00e9 parte integrante do projeto de vida do indiv\u00edduo e est\u00e1 sempre associada a expectativas de realiza\u00e7\u00e3o, prazer, reconhecimento, conquistas, entre outras proje\u00e7\u00f5es.<\/p>\r\n<p>A Orienta Escolha Profissional e de Carreira oferece programas de acompanhamento dirigidos \u00e0 Escolha Profissional, ao Desenvolvimento de Carreira, assim como projetos de interven\u00e7\u00e3o para Escolas e Empresas.<\/p>\r\n<p>Com base na abordagem da Fenomenologia e da Teoria de Constru\u00e7\u00e3o de Carreira (Life-Design), o acompanhamento \u00e9 oferecido aos respectivos p\u00fablicos, atrav\u00e9s de programas espec\u00edficos. A entrevista inicial \u00e9 o ponto de partida para mapear demandas e elaborar estrat\u00e9gias.<\/p>\r\n<p>Nosso prop\u00f3sito \u00e9 favorecer o protagonismo do orientando na constru\u00e7\u00e3o de seu projeto de escolha, atrav\u00e9s da utiliza\u00e7\u00e3o de instrumentos e viv\u00eancias que proporcionem a tomada de decis\u00e3o baseada em crit\u00e9rios, para uma decis\u00e3o bem fundamentada.<\/p>\r\n<!--<p>A Orienta Escolha Profissional \u00e9 constitu\u00edda por um grupo de profissionais que se prop\u00f5em a ajud\u00e1-lo no processo de escolha profissional, no planejamento ou no desenvolvimento da sua carreira. O acompanhamento \u00e9 realizado com adolescentes para a escolha da profiss\u00e3o e entrada no mundo acad\u00eamico, com universit\u00e1rios que buscam uma reorienta\u00e7\u00e3o ou que desejam planejar o desenvolvimento da carreira para inser\u00e7\u00e3o no mercado, assim como pode ser destinado ao desenvolvimento de profissionais que buscam reposicionamentos na sua trajet\u00f3ria.<\/p>-->","protected":false},"excerpt":{"rendered":"<p>A escolha profissional \u00e9 parte integrante do projeto de vida do indiv\u00edduo e est\u00e1 sempre associada a expectativas de realiza\u00e7\u00e3o, prazer, reconhecimento, conquistas, entre outras proje\u00e7\u00f5es. A Orienta Escolha Profissional e de Carreira oferece programas de acompanhamento dirigidos \u00e0 Escolha Profissional, ao Desenvolvimento de Carreira, assim como projetos de interven\u00e7\u00e3o para Escolas e Empresas. Com [&hellip;]<\/p>\n","protected":false},"author":2,"featured_media":0,"parent":0,"menu_order":0,"comment_status":"closed","ping_status":"closed","template":"page-proposta.php","meta":{"_acf_changed":false,"footnotes":""},"class_list":["post-22","page","type-page","status-publish","hentry"],"acf":[],"_links":{"self":[{"href":"https:\/\/orientaprofissional.com.br\/index.php?rest_route=\/wp\/v2\/pages\/22","targetHints":{"allow":["GET"]}}],"collection":[{"href":"https:\/\/orientaprofissional.com.br\/index.php?rest_route=\/wp\/v2\/pages"}],"about":[{"href":"https:\/\/orientaprofissional.com.br\/index.php?rest_route=\/wp\/v2\/types\/page"}],"author":[{"embeddable":true,"href":"https:\/\/orientaprofissional.com.br\/index.php?rest_route=\/wp\/v2\/users\/2"}],"replies":[{"embeddable":true,"href":"https:\/\/orientaprofissional.com.br\/index.php?rest_route=%2Fwp%2Fv2%2Fcomments&post=22"}],"version-history":[{"count":5,"href":"https:\/\/orientaprofissional.com.br\/index.php?rest_route=\/wp\/v2\/pages\/22\/revisions"}],"predecessor-version":[{"id":496,"href":"https:\/\/orientaprofissional.com.br\/index.php?rest_route=\/wp\/v2\/pages\/22\/revisions\/496"}],"wp:attachment":[{"href":"https:\/\/orientaprofissional.com.br\/index.php?rest_route=%2Fwp%2Fv2%2Fmedia&parent=22"}],"curies":[{"name":"wp","href":"https:\/\/api.w.org\/{rel}","templated":true}]}}